{"id":310,"date":"2024-04-03T14:11:39","date_gmt":"2024-04-03T18:11:39","guid":{"rendered":"https:\/\/rdb-conseil.com\/?page_id=310"},"modified":"2025-01-21T23:46:48","modified_gmt":"2025-01-22T04:46:48","slug":"entreprises","status":"publish","type":"page","link":"https:\/\/rdb-conseil.com\/index.php\/entreprises\/","title":{"rendered":"Services"},"content":{"rendered":"<style>.kb-row-layout-id310_338667-62 > .kt-row-column-wrap{align-content:center;}:where(.kb-row-layout-id310_338667-62 > .kt-row-column-wrap) > .wp-block-kadence-column{justify-content:center;}.kb-row-layout-id310_338667-62 > .kt-row-column-wrap{column-gap:var(--global-kb-gap-lg, 4rem);row-gap:var(--global-kb-gap-md, 2rem);max-width:var( --global-content-width, 1290px );padding-left:var(--global-content-edge-padding);padding-right:var(--global-content-edge-padding);padding-top:var(--global-kb-spacing-5xl, 10rem);padding-bottom:var(--global-kb-spacing-xl, 4rem);grid-template-columns:minmax(0, 1fr);}.kb-row-layout-id310_338667-62 > .kt-row-layout-overlay{opacity:0.30;}.kb-row-layout-id310_338667-62 ,.kb-row-layout-id310_338667-62 h1,.kb-row-layout-id310_338667-62 h2,.kb-row-layout-id310_338667-62 h3,.kb-row-layout-id310_338667-62 h4,.kb-row-layout-id310_338667-62 h5,.kb-row-layout-id310_338667-62 h6{color:var(--global-palette3, #1A202C);}.kb-row-layout-id310_338667-62 a{color:var(--global-palette1, #3182CE);}.kb-row-layout-id310_338667-62 a:hover{color:var(--global-palette2, #2B6CB0);}.kb-row-layout-id310_338667-62 .kt-row-layout-bottom-sep{height:100px;}.kb-row-layout-id310_338667-62 .kt-row-layout-bottom-sep svg{width:100%;}.kb-row-layout-id310_338667-62 .kt-row-layout-bottom-sep svg{fill:#ffffff!important;}@media all and (max-width: 1024px){.kb-row-layout-id310_338667-62 > .kt-row-column-wrap{padding-top:var(--global-kb-spacing-4xl, 8rem);grid-template-columns:minmax(0, 1fr);}}@media all and (max-width: 1024px){.kb-row-layout-id310_338667-62 .kt-row-layout-bottom-sep{height:px;}}@media all and (max-width: 1024px){.kb-row-layout-id310_338667-62 .kt-row-layout-bottom-sep svg{width:%;}}@media all and (max-width: 767px){.kb-row-layout-id310_338667-62 > .kt-row-column-wrap{padding-top:var(--global-kb-spacing-3xl, 6.5rem);padding-bottom:var(--global-kb-spacing-lg, 3rem);grid-template-columns:minmax(0, 1fr);}.kb-row-layout-id310_338667-62 .kt-row-layout-bottom-sep{height:px;}.kb-row-layout-id310_338667-62 .kt-row-layout-bottom-sep svg{width:%;}}<\/style><div class=\"kb-row-layout-wrap kb-row-layout-id310_338667-62 alignfull has-theme-palette2-background-color kt-row-has-bg wp-block-kadence-rowlayout\"><div class=\"kt-row-layout-bottom-sep kt-row-sep-type-crvi\"><svg viewBox=\"0 0 1000 100\" preserveAspectRatio=\"none\"><path d=\"M1000,0c0,0 -270.987,98 -500,98c-229.013,0 -500,-98 -500,-98l0,100l1000,0l0,-100Z\" \/><\/svg><\/div><div class=\"kt-row-column-wrap kt-has-1-columns kt-row-layout-equal kt-tab-layout-inherit kt-mobile-layout-row kt-row-valign-middle kb-theme-content-width\">\n<style>.kadence-column310_278375-d2 > .kt-inside-inner-col{display:flex;}.kadence-column310_278375-d2 > .kt-inside-inner-col{padding-right:var(--global-kb-spacing-lg, 3rem);}.kadence-column310_278375-d2 > .kt-inside-inner-col,.kadence-column310_278375-d2 > .kt-inside-inner-col:before{border-top-left-radius:0px;border-top-right-radius:0px;border-bottom-right-radius:0px;border-bottom-left-radius:0px;}.kadence-column310_278375-d2 > .kt-inside-inner-col{column-gap:var(--global-kb-gap-sm, 1rem);}.kadence-column310_278375-d2 > .kt-inside-inner-col{flex-direction:column;justify-content:center;}.kadence-column310_278375-d2 > .kt-inside-inner-col > .aligncenter{width:100%;}.kt-row-column-wrap > .kadence-column310_278375-d2{align-self:center;}.kt-inner-column-height-full:not(.kt-has-1-columns) > .wp-block-kadence-column.kadence-column310_278375-d2{align-self:auto;}.kt-inner-column-height-full:not(.kt-has-1-columns) > .wp-block-kadence-column.kadence-column310_278375-d2 > .kt-inside-inner-col{flex-direction:column;justify-content:center;}.kadence-column310_278375-d2 > .kt-inside-inner-col:before{opacity:0.3;}.kadence-column310_278375-d2{text-align:center;}.kadence-column310_278375-d2{position:relative;}@media all and (max-width: 1024px){.kt-row-column-wrap > .kadence-column310_278375-d2{align-self:center;}}@media all and (max-width: 1024px){.kt-inner-column-height-full:not(.kt-has-1-columns) > .wp-block-kadence-column.kadence-column310_278375-d2{align-self:auto;}}@media all and (max-width: 1024px){.kt-inner-column-height-full:not(.kt-has-1-columns) > .wp-block-kadence-column.kadence-column310_278375-d2 > .kt-inside-inner-col{flex-direction:column;justify-content:center;}}@media all and (max-width: 1024px){.kadence-column310_278375-d2 > .kt-inside-inner-col{flex-direction:column;justify-content:center;}}@media all and (max-width: 767px){.kt-row-column-wrap > .kadence-column310_278375-d2{align-self:center;}.kt-inner-column-height-full:not(.kt-has-1-columns) > .wp-block-kadence-column.kadence-column310_278375-d2{align-self:auto;}.kt-inner-column-height-full:not(.kt-has-1-columns) > .wp-block-kadence-column.kadence-column310_278375-d2 > .kt-inside-inner-col{flex-direction:column;justify-content:center;}.kadence-column310_278375-d2 > .kt-inside-inner-col{flex-direction:column;justify-content:center;}}<\/style>\n<div class=\"wp-block-kadence-column kadence-column310_278375-d2\"><div class=\"kt-inside-inner-col\"><style>.wp-block-kadence-advancedheading.kt-adv-heading310_be0041-99, .wp-block-kadence-advancedheading.kt-adv-heading310_be0041-99[data-kb-block=\"kb-adv-heading310_be0041-99\"]{text-align:center;font-size:35px;line-height:1em;font-style:normal;font-family:Tahoma, Geneva, sans-serif;}.wp-block-kadence-advancedheading.kt-adv-heading310_be0041-99 mark.kt-highlight, .wp-block-kadence-advancedheading.kt-adv-heading310_be0041-99[data-kb-block=\"kb-adv-heading310_be0041-99\"] mark.kt-highlight{font-style:normal;color:#f76a0c;-webkit-box-decoration-break:clone;box-decoration-break:clone;padding-top:0px;padding-right:0px;padding-bottom:0px;padding-left:0px;}.wp-block-kadence-advancedheading.kt-adv-heading310_be0041-99 img.kb-inline-image, .wp-block-kadence-advancedheading.kt-adv-heading310_be0041-99[data-kb-block=\"kb-adv-heading310_be0041-99\"] img.kb-inline-image{width:150px;vertical-align:baseline;}<\/style>\n<h2 class=\"kt-adv-heading310_be0041-99 wp-block-kadence-advancedheading\" data-kb-block=\"kb-adv-heading310_be0041-99\">Services<\/h2>\n\n\n<style>.wp-block-kadence-advancedheading.kt-adv-heading310_525a1d-00, .wp-block-kadence-advancedheading.kt-adv-heading310_525a1d-00[data-kb-block=\"kb-adv-heading310_525a1d-00\"]{text-align:center;font-size:21px;line-height:1.2em;font-style:normal;font-family:Tahoma, Geneva, sans-serif;}.wp-block-kadence-advancedheading.kt-adv-heading310_525a1d-00 mark.kt-highlight, .wp-block-kadence-advancedheading.kt-adv-heading310_525a1d-00[data-kb-block=\"kb-adv-heading310_525a1d-00\"] mark.kt-highlight{font-style:normal;color:#f76a0c;-webkit-box-decoration-break:clone;box-decoration-break:clone;padding-top:0px;padding-right:0px;padding-bottom:0px;padding-left:0px;}.wp-block-kadence-advancedheading.kt-adv-heading310_525a1d-00 img.kb-inline-image, .wp-block-kadence-advancedheading.kt-adv-heading310_525a1d-00[data-kb-block=\"kb-adv-heading310_525a1d-00\"] img.kb-inline-image{width:150px;vertical-align:baseline;}<\/style>\n<h2 class=\"kt-adv-heading310_525a1d-00 wp-block-kadence-advancedheading\" data-kb-block=\"kb-adv-heading310_525a1d-00\">RDB-Conseil est bien plus qu&rsquo;un service d&rsquo;assistance virtuelle &#8211; nous sommes votre alli\u00e9 dans la r\u00e9ussite de votre entreprise.<\/h2>\n<\/div><\/div>\n\n<\/div><\/div>\n\n<style>.kb-row-layout-id310_0e486f-e5 > .kt-row-column-wrap{align-content:start;}:where(.kb-row-layout-id310_0e486f-e5 > .kt-row-column-wrap) > .wp-block-kadence-column{justify-content:start;}.kb-row-layout-id310_0e486f-e5 > .kt-row-column-wrap{column-gap:var(--global-kb-gap-md, 2rem);row-gap:var(--global-kb-gap-lg, 4rem);padding-bottom:var(--global-kb-spacing-sm, 1.5rem);grid-template-columns:minmax(0, 1fr);}.kb-row-layout-id310_0e486f-e5 > .kt-row-layout-overlay{opacity:0.30;}@media all and (max-width: 1024px){.kb-row-layout-id310_0e486f-e5 > .kt-row-column-wrap{grid-template-columns:minmax(0, 1fr);}}@media all and (max-width: 767px){.kb-row-layout-id310_0e486f-e5 > .kt-row-column-wrap{grid-template-columns:minmax(0, 1fr);}}<\/style><div class=\"kb-row-layout-wrap kb-row-layout-id310_0e486f-e5 alignnone wp-block-kadence-rowlayout\"><div class=\"kt-row-column-wrap kt-has-1-columns kt-row-layout-equal kt-tab-layout-inherit kt-mobile-layout-row kt-row-valign-top\">\n<style>.kadence-column310_614013-8f > .kt-inside-inner-col,.kadence-column310_614013-8f > .kt-inside-inner-col:before{border-top-left-radius:0px;border-top-right-radius:0px;border-bottom-right-radius:0px;border-bottom-left-radius:0px;}.kadence-column310_614013-8f > .kt-inside-inner-col{column-gap:var(--global-kb-gap-sm, 1rem);}.kadence-column310_614013-8f > .kt-inside-inner-col{flex-direction:column;}.kadence-column310_614013-8f > .kt-inside-inner-col > .aligncenter{width:100%;}.kadence-column310_614013-8f > .kt-inside-inner-col:before{opacity:0.3;}.kadence-column310_614013-8f{position:relative;}@media all and (max-width: 1024px){.kadence-column310_614013-8f > .kt-inside-inner-col{flex-direction:column;justify-content:center;}}@media all and (max-width: 767px){.kadence-column310_614013-8f > .kt-inside-inner-col{flex-direction:column;justify-content:center;}}<\/style>\n<div class=\"wp-block-kadence-column kadence-column310_614013-8f\"><div class=\"kt-inside-inner-col\">\n<p class=\"has-text-align-center has-theme-palette-1-background-color has-background\" style=\"font-size:35px\"><strong>Soutien administratif g\u00e9n\u00e9ral<\/strong><\/p>\n\n\n\n<div class=\"wp-block-media-text is-stacked-on-mobile is-image-fill\" style=\"grid-template-columns:28% auto\"><figure class=\"wp-block-media-text__media\" style=\"background-image:url(https:\/\/rdb-conseil.com\/wp-content\/uploads\/2024\/04\/computer-2982270_1280-1024x665.jpg);background-position:50% 50%\"><img fetchpriority=\"high\" decoding=\"async\" width=\"1024\" height=\"665\" src=\"https:\/\/rdb-conseil.com\/wp-content\/uploads\/2024\/04\/computer-2982270_1280-1024x665.jpg\" alt=\"\" class=\"wp-image-522 size-full\" srcset=\"https:\/\/rdb-conseil.com\/wp-content\/uploads\/2024\/04\/computer-2982270_1280-1024x665.jpg 1024w, https:\/\/rdb-conseil.com\/wp-content\/uploads\/2024\/04\/computer-2982270_1280-300x195.jpg 300w, https:\/\/rdb-conseil.com\/wp-content\/uploads\/2024\/04\/computer-2982270_1280-768x499.jpg 768w, https:\/\/rdb-conseil.com\/wp-content\/uploads\/2024\/04\/computer-2982270_1280-600x390.jpg 600w, https:\/\/rdb-conseil.com\/wp-content\/uploads\/2024\/04\/computer-2982270_1280.jpg 1280w\" sizes=\"(max-width: 1024px) 100vw, 1024px\" \/><\/figure><div class=\"wp-block-media-text__content\">\n<ul class=\"wp-block-list\">\n<li style=\"font-size:21px\">Gestion des emails et de l&rsquo;agenda <\/li>\n\n\n\n<li style=\"font-size:21px\">Pr\u00e9paration de documents<\/li>\n\n\n\n<li style=\"font-size:21px\">Assistance comptable et facturation<\/li>\n\n\n\n<li style=\"font-size:21px\">Organisation de voyages<\/li>\n\n\n\n<li style=\"font-size:21px\">Recherches en ligne<\/li>\n\n\n\n<li style=\"font-size:21px\">Assistance aux r\u00e9unions <\/li>\n\n\n\n<li style=\"font-size:21px\">Soutien aux projets <\/li>\n<\/ul>\n<\/div><\/div>\n<\/div><\/div>\n\n<\/div><\/div>\n\n<style>.kb-row-layout-id310_753f08-49 > .kt-row-column-wrap{align-content:start;}:where(.kb-row-layout-id310_753f08-49 > .kt-row-column-wrap) > .wp-block-kadence-column{justify-content:start;}.kb-row-layout-id310_753f08-49 > .kt-row-column-wrap{column-gap:var(--global-kb-gap-md, 2rem);row-gap:var(--global-kb-gap-md, 2rem);padding-bottom:var(--global-kb-spacing-sm, 1.5rem);grid-template-columns:minmax(0, 1fr);}.kb-row-layout-id310_753f08-49 > .kt-row-layout-overlay{opacity:0.30;}@media all and (max-width: 1024px){.kb-row-layout-id310_753f08-49 > .kt-row-column-wrap{grid-template-columns:minmax(0, 1fr);}}@media all and (max-width: 767px){.kb-row-layout-id310_753f08-49 > .kt-row-column-wrap{grid-template-columns:minmax(0, 1fr);}}<\/style><div class=\"kb-row-layout-wrap kb-row-layout-id310_753f08-49 alignnone wp-block-kadence-rowlayout\"><div class=\"kt-row-column-wrap kt-has-1-columns kt-row-layout-equal kt-tab-layout-inherit kt-mobile-layout-row kt-row-valign-top\">\n<style>.kadence-column310_8bfe52-84 > .kt-inside-inner-col,.kadence-column310_8bfe52-84 > .kt-inside-inner-col:before{border-top-left-radius:0px;border-top-right-radius:0px;border-bottom-right-radius:0px;border-bottom-left-radius:0px;}.kadence-column310_8bfe52-84 > .kt-inside-inner-col{column-gap:var(--global-kb-gap-sm, 1rem);}.kadence-column310_8bfe52-84 > .kt-inside-inner-col{flex-direction:column;}.kadence-column310_8bfe52-84 > .kt-inside-inner-col > .aligncenter{width:100%;}.kadence-column310_8bfe52-84 > .kt-inside-inner-col:before{opacity:0.3;}.kadence-column310_8bfe52-84{position:relative;}@media all and (max-width: 1024px){.kadence-column310_8bfe52-84 > .kt-inside-inner-col{flex-direction:column;justify-content:center;}}@media all and (max-width: 767px){.kadence-column310_8bfe52-84 > .kt-inside-inner-col{flex-direction:column;justify-content:center;}}<\/style>\n<div class=\"wp-block-kadence-column kadence-column310_8bfe52-84\"><div class=\"kt-inside-inner-col\">\n<p class=\"has-text-align-center has-theme-palette-1-background-color has-background\" style=\"font-size:35px\"><strong>Soutien Marketing<\/strong><\/p>\n\n\n\n<div class=\"wp-block-media-text is-stacked-on-mobile is-image-fill\" style=\"grid-template-columns:28% auto\"><figure class=\"wp-block-media-text__media\" style=\"background-image:url(https:\/\/rdb-conseil.com\/wp-content\/uploads\/2024\/04\/brand-1027862_1280-5-1024x1024.jpg);background-position:50% 50%\"><img decoding=\"async\" width=\"1024\" height=\"1024\" src=\"https:\/\/rdb-conseil.com\/wp-content\/uploads\/2024\/04\/brand-1027862_1280-5-1024x1024.jpg\" alt=\"\" class=\"wp-image-594 size-full\" srcset=\"https:\/\/rdb-conseil.com\/wp-content\/uploads\/2024\/04\/brand-1027862_1280-5-1024x1024.jpg 1024w, https:\/\/rdb-conseil.com\/wp-content\/uploads\/2024\/04\/brand-1027862_1280-5-300x300.jpg 300w, https:\/\/rdb-conseil.com\/wp-content\/uploads\/2024\/04\/brand-1027862_1280-5-150x150.jpg 150w, https:\/\/rdb-conseil.com\/wp-content\/uploads\/2024\/04\/brand-1027862_1280-5-768x768.jpg 768w, https:\/\/rdb-conseil.com\/wp-content\/uploads\/2024\/04\/brand-1027862_1280-5-200x200.jpg 200w, https:\/\/rdb-conseil.com\/wp-content\/uploads\/2024\/04\/brand-1027862_1280-5-600x600.jpg 600w, https:\/\/rdb-conseil.com\/wp-content\/uploads\/2024\/04\/brand-1027862_1280-5-100x100.jpg 100w, https:\/\/rdb-conseil.com\/wp-content\/uploads\/2024\/04\/brand-1027862_1280-5.jpg 1280w\" sizes=\"(max-width: 1024px) 100vw, 1024px\" \/><\/figure><div class=\"wp-block-media-text__content\">\n<ul class=\"wp-block-list\">\n<li style=\"font-size:21px\">Aide au d\u00e9marrage d&rsquo;entreprise <\/li>\n\n\n\n<li style=\"font-size:21px\">Recherche de march\u00e9 : Effectuer des recherches approfondies sur le march\u00e9 cible de l&rsquo;entreprise<\/li>\n\n\n\n<li style=\"font-size:21px\">D\u00e9veloppement de l&rsquo;Identit\u00e9 de Marque<\/li>\n\n\n\n<li style=\"font-size:21px\">Cr\u00e9ation de logo, charte graphique, site web, etc<\/li>\n\n\n\n<li style=\"font-size:21px\">Strat\u00e9gie de Communication <\/li>\n\n\n\n<li style=\"font-size:21px\">Gestion des r\u00e9seaux sociaux<\/li>\n\n\n\n<li style=\"font-size:21px\">SEO<\/li>\n<\/ul>\n<\/div><\/div>\n<\/div><\/div>\n\n<\/div><\/div>\n\n<style>.kb-row-layout-id310_662767-ec > .kt-row-column-wrap{align-content:start;}:where(.kb-row-layout-id310_662767-ec > .kt-row-column-wrap) > .wp-block-kadence-column{justify-content:start;}.kb-row-layout-id310_662767-ec > .kt-row-column-wrap{column-gap:var(--global-kb-gap-md, 2rem);row-gap:var(--global-kb-gap-md, 2rem);padding-top:var(--global-kb-spacing-sm, 1.5rem);padding-bottom:var(--global-kb-spacing-sm, 1.5rem);grid-template-columns:minmax(0, 1fr);}.kb-row-layout-id310_662767-ec > .kt-row-layout-overlay{opacity:0.30;}@media all and (max-width: 1024px){.kb-row-layout-id310_662767-ec > .kt-row-column-wrap{grid-template-columns:minmax(0, 1fr);}}@media all and (max-width: 767px){.kb-row-layout-id310_662767-ec > .kt-row-column-wrap{grid-template-columns:minmax(0, 1fr);}}<\/style><div class=\"kb-row-layout-wrap kb-row-layout-id310_662767-ec alignnone wp-block-kadence-rowlayout\"><div class=\"kt-row-column-wrap kt-has-1-columns kt-row-layout-equal kt-tab-layout-inherit kt-mobile-layout-row kt-row-valign-top\">\n<style>.kadence-column310_88d8ce-de > .kt-inside-inner-col,.kadence-column310_88d8ce-de > .kt-inside-inner-col:before{border-top-left-radius:0px;border-top-right-radius:0px;border-bottom-right-radius:0px;border-bottom-left-radius:0px;}.kadence-column310_88d8ce-de > .kt-inside-inner-col{column-gap:var(--global-kb-gap-sm, 1rem);}.kadence-column310_88d8ce-de > .kt-inside-inner-col{flex-direction:column;}.kadence-column310_88d8ce-de > .kt-inside-inner-col > .aligncenter{width:100%;}.kadence-column310_88d8ce-de > .kt-inside-inner-col:before{opacity:0.3;}.kadence-column310_88d8ce-de{position:relative;}@media all and (max-width: 1024px){.kadence-column310_88d8ce-de > .kt-inside-inner-col{flex-direction:column;justify-content:center;}}@media all and (max-width: 767px){.kadence-column310_88d8ce-de > .kt-inside-inner-col{flex-direction:column;justify-content:center;}}<\/style>\n<div class=\"wp-block-kadence-column kadence-column310_88d8ce-de\"><div class=\"kt-inside-inner-col\">\n<p class=\"has-text-align-center has-theme-palette-1-background-color has-background\" style=\"font-size:35px\"><strong>Soutien aux op\u00e9rations logistiques<\/strong> <\/p>\n\n\n\n<div class=\"wp-block-media-text is-stacked-on-mobile is-image-fill\" style=\"grid-template-columns:28% auto\"><figure class=\"wp-block-media-text__media\" style=\"background-image:url(https:\/\/rdb-conseil.com\/wp-content\/uploads\/2024\/04\/transportation-4506971_1280-1024x682.jpg);background-position:53% 39%\"><img decoding=\"async\" width=\"1024\" height=\"682\" src=\"https:\/\/rdb-conseil.com\/wp-content\/uploads\/2024\/04\/transportation-4506971_1280-1024x682.jpg\" alt=\"\" class=\"wp-image-564 size-full\" srcset=\"https:\/\/rdb-conseil.com\/wp-content\/uploads\/2024\/04\/transportation-4506971_1280-1024x682.jpg 1024w, https:\/\/rdb-conseil.com\/wp-content\/uploads\/2024\/04\/transportation-4506971_1280-300x200.jpg 300w, https:\/\/rdb-conseil.com\/wp-content\/uploads\/2024\/04\/transportation-4506971_1280-768x512.jpg 768w, https:\/\/rdb-conseil.com\/wp-content\/uploads\/2024\/04\/transportation-4506971_1280-600x400.jpg 600w, https:\/\/rdb-conseil.com\/wp-content\/uploads\/2024\/04\/transportation-4506971_1280.jpg 1280w\" sizes=\"(max-width: 1024px) 100vw, 1024px\" \/><\/figure><div class=\"wp-block-media-text__content\">\n<ul class=\"wp-block-list\">\n<li style=\"font-size:21px\">Recherche de fournisseurs <\/li>\n\n\n\n<li style=\"font-size:21px\">Cotation<\/li>\n\n\n\n<li style=\"font-size:21px\">R\u00e9servation (Booking)<\/li>\n\n\n\n<li style=\"font-size:21px\">Fret<\/li>\n\n\n\n<li style=\"font-size:21px\">Facturation<\/li>\n\n\n\n<li style=\"font-size:21px\">Suivi des marchandises <\/li>\n\n\n\n<li style=\"font-size:21px\">Calendriers\/horaires (ETD &#8211; ETA)<\/li>\n\n\n\n<li style=\"font-size:21px\">Service client<\/li>\n<\/ul>\n<\/div><\/div>\n<\/div><\/div>\n\n<\/div><\/div>\n\n<style>.kb-row-layout-id310_6e1517-b0 > .kt-row-column-wrap{align-content:start;}:where(.kb-row-layout-id310_6e1517-b0 > .kt-row-column-wrap) > .wp-block-kadence-column{justify-content:start;}.kb-row-layout-id310_6e1517-b0 > .kt-row-column-wrap{column-gap:var(--global-kb-gap-md, 2rem);row-gap:var(--global-kb-gap-md, 2rem);padding-top:var(--global-kb-spacing-sm, 1.5rem);padding-bottom:var(--global-kb-spacing-sm, 1.5rem);grid-template-columns:minmax(0, 1fr);}.kb-row-layout-id310_6e1517-b0 > .kt-row-layout-overlay{opacity:0.30;}@media all and (max-width: 1024px){.kb-row-layout-id310_6e1517-b0 > .kt-row-column-wrap{grid-template-columns:minmax(0, 1fr);}}@media all and (max-width: 767px){.kb-row-layout-id310_6e1517-b0 > .kt-row-column-wrap{grid-template-columns:minmax(0, 1fr);}}<\/style><div class=\"kb-row-layout-wrap kb-row-layout-id310_6e1517-b0 alignnone wp-block-kadence-rowlayout\"><div class=\"kt-row-column-wrap kt-has-1-columns kt-row-layout-equal kt-tab-layout-inherit kt-mobile-layout-row kt-row-valign-top\">\n<style>.kadence-column310_cc33b8-62 > .kt-inside-inner-col,.kadence-column310_cc33b8-62 > .kt-inside-inner-col:before{border-top-left-radius:0px;border-top-right-radius:0px;border-bottom-right-radius:0px;border-bottom-left-radius:0px;}.kadence-column310_cc33b8-62 > .kt-inside-inner-col{column-gap:var(--global-kb-gap-sm, 1rem);}.kadence-column310_cc33b8-62 > .kt-inside-inner-col{flex-direction:column;}.kadence-column310_cc33b8-62 > .kt-inside-inner-col > .aligncenter{width:100%;}.kadence-column310_cc33b8-62 > .kt-inside-inner-col:before{opacity:0.3;}.kadence-column310_cc33b8-62{position:relative;}@media all and (max-width: 1024px){.kadence-column310_cc33b8-62 > .kt-inside-inner-col{flex-direction:column;justify-content:center;}}@media all and (max-width: 767px){.kadence-column310_cc33b8-62 > .kt-inside-inner-col{flex-direction:column;justify-content:center;}}<\/style>\n<div class=\"wp-block-kadence-column kadence-column310_cc33b8-62\"><div class=\"kt-inside-inner-col\">\n<p class=\"has-text-align-center has-theme-palette-1-background-color has-background\" style=\"font-size:35px\"><strong>Soutien au service client<\/strong><\/p>\n\n\n\n<div class=\"wp-block-media-text is-stacked-on-mobile is-image-fill\" style=\"grid-template-columns:28% auto\"><figure class=\"wp-block-media-text__media\" style=\"background-image:url(https:\/\/rdb-conseil.com\/wp-content\/uploads\/2024\/04\/call-center-1015274_1280-1024x819.jpg);background-position:50% 50%\"><img loading=\"lazy\" decoding=\"async\" width=\"1024\" height=\"819\" src=\"https:\/\/rdb-conseil.com\/wp-content\/uploads\/2024\/04\/call-center-1015274_1280-1024x819.jpg\" alt=\"\" class=\"wp-image-325 size-full\" srcset=\"https:\/\/rdb-conseil.com\/wp-content\/uploads\/2024\/04\/call-center-1015274_1280-1024x819.jpg 1024w, https:\/\/rdb-conseil.com\/wp-content\/uploads\/2024\/04\/call-center-1015274_1280-300x240.jpg 300w, https:\/\/rdb-conseil.com\/wp-content\/uploads\/2024\/04\/call-center-1015274_1280-768x614.jpg 768w, https:\/\/rdb-conseil.com\/wp-content\/uploads\/2024\/04\/call-center-1015274_1280-600x480.jpg 600w, https:\/\/rdb-conseil.com\/wp-content\/uploads\/2024\/04\/call-center-1015274_1280.jpg 1280w\" sizes=\"(max-width: 1024px) 100vw, 1024px\" \/><\/figure><div class=\"wp-block-media-text__content\">\n<ul class=\"wp-block-list\">\n<li style=\"font-size:21px\">Gestion des emails <\/li>\n\n\n\n<li style=\"font-size:21px\">Gestion des appels<\/li>\n\n\n\n<li style=\"font-size:21px\">Chat en direct :<\/li>\n\n\n\n<li style=\"font-size:21px\">R\u00e9seaux sociaux<\/li>\n\n\n\n<li style=\"font-size:21px\">Gestion des retours <\/li>\n\n\n\n<li style=\"font-size:21px\">Suivi des commandes <\/li>\n\n\n\n<li style=\"font-size:21px\">Rapports et analyses <\/li>\n\n\n\n<li style=\"font-size:21px\">Gestion des plaintes : <\/li>\n\n\n\n<li style=\"font-size:21px\">Gestion des dossiers clients<\/li>\n<\/ul>\n<\/div><\/div>\n<\/div><\/div>\n\n<\/div><\/div>","protected":false},"excerpt":{"rendered":"<p>Services RDB-Conseil est bien plus qu&rsquo;un service d&rsquo;assistance virtuelle &#8211; nous sommes votre alli\u00e9 dans la r\u00e9ussite de votre entreprise. Soutien administratif g\u00e9n\u00e9ral Soutien Marketing Soutien aux op\u00e9rations logistiques Soutien au service client<\/p>\n","protected":false},"author":1,"featured_media":0,"parent":0,"menu_order":0,"comment_status":"closed","ping_status":"closed","template":"","meta":{"_monsterinsights_skip_tracking":false,"_monsterinsights_sitenote_active":false,"_monsterinsights_sitenote_note":"","_monsterinsights_sitenote_category":0,"_kadence_starter_templates_imported_post":false,"_kad_post_transparent":"","_kad_post_title":"hide","_kad_post_layout":"fullwidth","_kad_post_sidebar_id":"","_kad_post_content_style":"unboxed","_kad_post_vertical_padding":"hide","_kad_post_feature":"hide","_kad_post_feature_position":"","_kad_post_header":false,"_kad_post_footer":false,"_kad_post_classname":"","footnotes":""},"class_list":["post-310","page","type-page","status-publish","hentry"],"aioseo_notices":[],"_links":{"self":[{"href":"https:\/\/rdb-conseil.com\/index.php\/wp-json\/wp\/v2\/pages\/310","targetHints":{"allow":["GET"]}}],"collection":[{"href":"https:\/\/rdb-conseil.com\/index.php\/wp-json\/wp\/v2\/pages"}],"about":[{"href":"https:\/\/rdb-conseil.com\/index.php\/wp-json\/wp\/v2\/types\/page"}],"author":[{"embeddable":true,"href":"https:\/\/rdb-conseil.com\/index.php\/wp-json\/wp\/v2\/users\/1"}],"replies":[{"embeddable":true,"href":"https:\/\/rdb-conseil.com\/index.php\/wp-json\/wp\/v2\/comments?post=310"}],"version-history":[{"count":74,"href":"https:\/\/rdb-conseil.com\/index.php\/wp-json\/wp\/v2\/pages\/310\/revisions"}],"predecessor-version":[{"id":745,"href":"https:\/\/rdb-conseil.com\/index.php\/wp-json\/wp\/v2\/pages\/310\/revisions\/745"}],"wp:attachment":[{"href":"https:\/\/rdb-conseil.com\/index.php\/wp-json\/wp\/v2\/media?parent=310"}],"curies":[{"name":"wp","href":"https:\/\/api.w.org\/{rel}","templated":true}]}}