{"id":275,"date":"2024-04-01T16:22:28","date_gmt":"2024-04-01T20:22:28","guid":{"rendered":"https:\/\/rdb-conseil.com\/index.php\/about\/"},"modified":"2024-05-03T15:28:20","modified_gmt":"2024-05-03T19:28:20","slug":"about","status":"publish","type":"page","link":"https:\/\/rdb-conseil.com\/index.php\/about\/","title":{"rendered":"\u00c0 propos"},"content":{"rendered":"<style>.kb-row-layout-id275_adf01b-fb > .kt-row-column-wrap{align-content:center;}:where(.kb-row-layout-id275_adf01b-fb > .kt-row-column-wrap) > .wp-block-kadence-column{justify-content:center;}.kb-row-layout-id275_adf01b-fb > .kt-row-column-wrap{column-gap:var(--global-kb-gap-lg, 4rem);row-gap:var(--global-kb-gap-md, 2rem);max-width:var( --global-content-width, 1290px );padding-left:var(--global-content-edge-padding);padding-right:var(--global-content-edge-padding);padding-top:var(--global-kb-spacing-5xl, 10rem);padding-bottom:var(--global-kb-spacing-xl, 4rem);grid-template-columns:minmax(0, 1fr);}.kb-row-layout-id275_adf01b-fb > .kt-row-layout-overlay{opacity:0.30;}.kb-row-layout-id275_adf01b-fb .kt-row-layout-bottom-sep{height:100px;}.kb-row-layout-id275_adf01b-fb .kt-row-layout-bottom-sep svg{width:100%;}.kb-row-layout-id275_adf01b-fb .kt-row-layout-bottom-sep svg{fill:var(--global-palette9, #ffffff)!important;}@media all and (max-width: 1024px){.kb-row-layout-id275_adf01b-fb > .kt-row-column-wrap{grid-template-columns:minmax(0, 1fr);}}@media all and (max-width: 1024px){.kb-row-layout-id275_adf01b-fb .kt-row-layout-bottom-sep{height:80px;}}@media all and (max-width: 1024px){.kb-row-layout-id275_adf01b-fb .kt-row-layout-bottom-sep svg{width:%;}}@media all and (max-width: 767px){.kb-row-layout-id275_adf01b-fb > .kt-row-column-wrap{padding-top:var(--global-kb-spacing-3xl, 6.5rem);padding-bottom:var(--global-kb-spacing-3xl, 6.5rem);grid-template-columns:minmax(0, 1fr);}.kb-row-layout-id275_adf01b-fb .kt-row-layout-bottom-sep{height:60px;}.kb-row-layout-id275_adf01b-fb .kt-row-layout-bottom-sep svg{width:%;}}<\/style><div class=\"kb-row-layout-wrap kb-row-layout-id275_adf01b-fb alignfull has-theme-palette2-background-color kt-row-has-bg kb-divider-static wp-block-kadence-rowlayout\"><div class=\"kt-row-layout-bottom-sep kt-row-sep-type-crvi\"><svg viewBox=\"0 0 1000 100\" preserveAspectRatio=\"none\"><path d=\"M1000,0c0,0 -270.987,98 -500,98c-229.013,0 -500,-98 -500,-98l0,100l1000,0l0,-100Z\" \/><\/svg><\/div><div class=\"kt-row-column-wrap kt-has-1-columns kt-row-layout-equal kt-tab-layout-inherit kt-mobile-layout-row kt-row-valign-middle kb-theme-content-width\">\n<style>.kadence-column275_f91d5a-cf > .kt-inside-inner-col,.kadence-column275_f91d5a-cf > .kt-inside-inner-col:before{border-top-left-radius:0px;border-top-right-radius:0px;border-bottom-right-radius:0px;border-bottom-left-radius:0px;}.kadence-column275_f91d5a-cf > .kt-inside-inner-col{column-gap:var(--global-kb-gap-sm, 1rem);}.kadence-column275_f91d5a-cf > .kt-inside-inner-col{flex-direction:column;}.kadence-column275_f91d5a-cf > .kt-inside-inner-col > .aligncenter{width:100%;}.kadence-column275_f91d5a-cf > .kt-inside-inner-col:before{opacity:0.3;}.kadence-column275_f91d5a-cf{position:relative;}@media all and (max-width: 1024px){.kadence-column275_f91d5a-cf > .kt-inside-inner-col{flex-direction:column;justify-content:center;}}@media all and (max-width: 767px){.kadence-column275_f91d5a-cf > .kt-inside-inner-col{flex-direction:column;justify-content:center;}}<\/style>\n<div class=\"wp-block-kadence-column kadence-column275_f91d5a-cf inner-column-1\"><div class=\"kt-inside-inner-col\"><style>.wp-block-kadence-advancedheading.kt-adv-heading275_769310-a1, .wp-block-kadence-advancedheading.kt-adv-heading275_769310-a1[data-kb-block=\"kb-adv-heading275_769310-a1\"]{max-width:550px;margin-right:auto;margin-left:auto;margin-bottom:var(--global-kb-spacing-sm, 1.5rem);text-align:center;font-size:35px;font-style:normal;font-family:Tahoma, Geneva, sans-serif;}.wp-block-kadence-advancedheading.kt-adv-heading275_769310-a1 mark.kt-highlight, .wp-block-kadence-advancedheading.kt-adv-heading275_769310-a1[data-kb-block=\"kb-adv-heading275_769310-a1\"] mark.kt-highlight{font-style:normal;color:#f76a0c;-webkit-box-decoration-break:clone;box-decoration-break:clone;padding-top:0px;padding-right:0px;padding-bottom:0px;padding-left:0px;}.wp-block-kadence-advancedheading.kt-adv-heading275_769310-a1 img.kb-inline-image, .wp-block-kadence-advancedheading.kt-adv-heading275_769310-a1[data-kb-block=\"kb-adv-heading275_769310-a1\"] img.kb-inline-image{width:150px;vertical-align:baseline;}<\/style>\n<p class=\"kt-adv-heading275_769310-a1 wp-block-kadence-advancedheading\" data-kb-block=\"kb-adv-heading275_769310-a1\"><strong>Qui suis-je?<\/strong><a href=\"https:\/\/startertemplatecloud.com\/e28\/#\"><\/a><\/p>\n<\/div><\/div>\n\n<\/div><\/div>\n\n<style>.kb-row-layout-id275_e1b2e9-3d > .kt-row-column-wrap{align-content:start;}:where(.kb-row-layout-id275_e1b2e9-3d > .kt-row-column-wrap) > .wp-block-kadence-column{justify-content:start;}.kb-row-layout-id275_e1b2e9-3d > .kt-row-column-wrap{column-gap:var(--global-kb-gap-md, 2rem);row-gap:var(--global-kb-gap-md, 2rem);padding-top:var(--global-kb-spacing-sm, 1.5rem);padding-bottom:var(--global-kb-spacing-sm, 1.5rem);grid-template-columns:minmax(0, 1fr);}.kb-row-layout-id275_e1b2e9-3d > .kt-row-layout-overlay{opacity:0.30;}@media all and (max-width: 1024px){.kb-row-layout-id275_e1b2e9-3d > .kt-row-column-wrap{grid-template-columns:minmax(0, 1fr);}}@media all and (max-width: 767px){.kb-row-layout-id275_e1b2e9-3d > .kt-row-column-wrap{grid-template-columns:minmax(0, 1fr);}}<\/style><div class=\"kb-row-layout-wrap kb-row-layout-id275_e1b2e9-3d alignnone wp-block-kadence-rowlayout\"><div class=\"kt-row-column-wrap kt-has-1-columns kt-row-layout-equal kt-tab-layout-inherit kt-mobile-layout-row kt-row-valign-top\">\n<style>.kadence-column275_0d7d72-52 > .kt-inside-inner-col{box-shadow:inset 0px 0px 14px 0px var(--global-palette1, #3182CE);}.kadence-column275_0d7d72-52 > .kt-inside-inner-col,.kadence-column275_0d7d72-52 > .kt-inside-inner-col:before{border-top-left-radius:0px;border-top-right-radius:0px;border-bottom-right-radius:0px;border-bottom-left-radius:0px;}.kadence-column275_0d7d72-52 > .kt-inside-inner-col{column-gap:var(--global-kb-gap-sm, 1rem);}.kadence-column275_0d7d72-52 > .kt-inside-inner-col{flex-direction:column;}.kadence-column275_0d7d72-52 > .kt-inside-inner-col > .aligncenter{width:100%;}.kadence-column275_0d7d72-52 > .kt-inside-inner-col:before{opacity:0.3;}.kadence-column275_0d7d72-52{position:relative;}@media all and (max-width: 1024px){.kadence-column275_0d7d72-52 > .kt-inside-inner-col{flex-direction:column;justify-content:center;}}@media all and (max-width: 767px){.kadence-column275_0d7d72-52 > .kt-inside-inner-col{flex-direction:column;justify-content:center;}}<\/style>\n<div class=\"wp-block-kadence-column kadence-column275_0d7d72-52\"><div class=\"kt-inside-inner-col\">\n<div class=\"wp-block-media-text is-stacked-on-mobile\" style=\"grid-template-columns:15% auto\"><figure class=\"wp-block-media-text__media\"><img fetchpriority=\"high\" decoding=\"async\" width=\"225\" height=\"300\" src=\"https:\/\/rdb-conseil.com\/wp-content\/uploads\/2024\/04\/435880824_122157829412083755_9108316965099160543_n-225x300.jpg\" alt=\"Assistante virtuelle marketing et logistique. Saguenay, Qu\u00e9bec\" class=\"wp-image-442 size-medium\" srcset=\"https:\/\/rdb-conseil.com\/wp-content\/uploads\/2024\/04\/435880824_122157829412083755_9108316965099160543_n-225x300.jpg 225w, https:\/\/rdb-conseil.com\/wp-content\/uploads\/2024\/04\/435880824_122157829412083755_9108316965099160543_n-300x400.jpg 300w, https:\/\/rdb-conseil.com\/wp-content\/uploads\/2024\/04\/435880824_122157829412083755_9108316965099160543_n.jpg 433w\" sizes=\"(max-width: 225px) 100vw, 225px\" \/><\/figure><div class=\"wp-block-media-text__content\">\n<h2 class=\"wp-block-heading has-text-align-center\" style=\"font-size:35px\"><strong>Qu&rsquo;est-ce que je vous apporte en tant qu&rsquo;adjointe virtuelle?<\/strong><\/h2>\n\n\n\n<p><\/p>\n\n\n\n<hr class=\"wp-block-separator has-alpha-channel-opacity\"\/>\n\n\n\n<p>Je suis<strong> Rolande Deby<\/strong>, fondatrice de <strong>RDB-CONSEIL<\/strong>, une entreprise sp\u00e9cialis\u00e9e dans la fourniture de solutions d&rsquo;assistance virtuelle sur mesure. <\/p>\n\n\n\n<p>Gr\u00e2ce \u00e0 une formation sp\u00e9cialis\u00e9e en assistance virtuelle au CFP de Neufchatel et un dipl\u00f4me d&rsquo;Ing\u00e9nieur en Marketing, j&rsquo;ai acquis plus de quinze ans d&rsquo;exp\u00e9rience dans des domaines vari\u00e9s tels que le service \u00e0 la client\u00e8le, la logistique, le transport international et la gestion de projets.<\/p>\n\n\n\n<p>Depuis 2008, j&rsquo;ai \u00e9volu\u00e9 dans des environnements divers, de la C\u00f4te d&rsquo;Ivoire au Canada, collaborant avec des acteurs des secteurs publics, priv\u00e9s et des organismes internationaux. Forte de cette exp\u00e9rience polyvalente, j&rsquo;ai fond\u00e9 RDB-Conseil avec une vision claire : reconna\u00eetre l&rsquo;unicit\u00e9 de chaque entreprise et fournir des services d&rsquo;assistance virtuelle enti\u00e8rement adapt\u00e9s \u00e0 ses besoins sp\u00e9cifiques.<\/p>\n\n\n\n<p>Chez RDB-Conseil, je m&rsquo;engage \u00e0 offrir un soutien personnalis\u00e9 dans divers domaines, de la gestion administrative \u00e0 la gestion de la client\u00e8le, en passant par la planification d&rsquo;\u00e9v\u00e9nements et la gestion de l&rsquo;image de marque. Mon objectif ultime est de vous aider \u00e0 optimiser votre temps et \u00e0 atteindre vos objectifs commerciaux.<\/p>\n\n\n\n<p>Je crois fermement en la valeur de la collaboration et en l&rsquo;importance de b\u00e2tir des relations solides et durables avec mes clients. Mon engagement est de vous accompagner dans les domaines du management, de l&rsquo;organisation et du marketing, contribuant ainsi activement \u00e0 votre succ\u00e8s.<\/p>\n\n\n\n<p>N&rsquo;h\u00e9sitez pas \u00e0 me contacter d\u00e8s aujourd&rsquo;hui pour d\u00e9couvrir comment RDB-Conseil peut lib\u00e9rer votre potentiel et aider votre entreprise \u00e0 prosp\u00e9rer.<\/p>\n<\/div><\/div>\n<\/div><\/div>\n\n<\/div><\/div>","protected":false},"excerpt":{"rendered":"<p>Qui suis-je? Qu&rsquo;est-ce que je vous apporte en tant qu&rsquo;adjointe virtuelle? Je suis Rolande Deby, fondatrice de RDB-CONSEIL, une entreprise sp\u00e9cialis\u00e9e dans la fourniture de solutions d&rsquo;assistance virtuelle sur mesure. Gr\u00e2ce \u00e0 une formation sp\u00e9cialis\u00e9e en assistance virtuelle au CFP de Neufchatel et un dipl\u00f4me d&rsquo;Ing\u00e9nieur en Marketing, j&rsquo;ai acquis plus de quinze ans d&rsquo;exp\u00e9rience&#8230;<\/p>\n","protected":false},"author":1,"featured_media":0,"parent":0,"menu_order":0,"comment_status":"closed","ping_status":"closed","template":"","meta":{"_monsterinsights_skip_tracking":false,"_monsterinsights_sitenote_active":false,"_monsterinsights_sitenote_note":"","_monsterinsights_sitenote_category":0,"_kadence_starter_templates_imported_post":true,"_kad_post_transparent":"","_kad_post_title":"hide","_kad_post_layout":"fullwidth","_kad_post_sidebar_id":"","_kad_post_content_style":"unboxed","_kad_post_vertical_padding":"hide","_kad_post_feature":"hide","_kad_post_feature_position":"","_kad_post_header":false,"_kad_post_footer":false,"_kad_post_classname":"","footnotes":""},"class_list":["post-275","page","type-page","status-publish","hentry"],"aioseo_notices":[],"_links":{"self":[{"href":"https:\/\/rdb-conseil.com\/index.php\/wp-json\/wp\/v2\/pages\/275","targetHints":{"allow":["GET"]}}],"collection":[{"href":"https:\/\/rdb-conseil.com\/index.php\/wp-json\/wp\/v2\/pages"}],"about":[{"href":"https:\/\/rdb-conseil.com\/index.php\/wp-json\/wp\/v2\/types\/page"}],"author":[{"embeddable":true,"href":"https:\/\/rdb-conseil.com\/index.php\/wp-json\/wp\/v2\/users\/1"}],"replies":[{"embeddable":true,"href":"https:\/\/rdb-conseil.com\/index.php\/wp-json\/wp\/v2\/comments?post=275"}],"version-history":[{"count":26,"href":"https:\/\/rdb-conseil.com\/index.php\/wp-json\/wp\/v2\/pages\/275\/revisions"}],"predecessor-version":[{"id":826,"href":"https:\/\/rdb-conseil.com\/index.php\/wp-json\/wp\/v2\/pages\/275\/revisions\/826"}],"wp:attachment":[{"href":"https:\/\/rdb-conseil.com\/index.php\/wp-json\/wp\/v2\/media?parent=275"}],"curies":[{"name":"wp","href":"https:\/\/api.w.org\/{rel}","templated":true}]}}